{"id":37,"date":"2023-06-27T22:05:41","date_gmt":"2023-06-27T20:05:41","guid":{"rendered":"https:\/\/krasnazena.sk\/?page_id=37"},"modified":"2023-06-27T22:05:41","modified_gmt":"2023-06-27T20:05:41","slug":"ochrana-osobnych-udajov","status":"publish","type":"page","link":"https:\/\/krasnazena.sk\/index.php\/ochrana-osobnych-udajov\/","title":{"rendered":"Ochrana osobn\u00fdch \u00fadajov"},"content":{"rendered":"\n<h1>Z\u00e1sady ochrany osobn\u00fdch \u00fadajov<\/h1>\n<p>Posledn\u00e1 aktualiz\u00e1cia: 27. j\u00fana 2023<\/p>\n<p>Tieto Z\u00e1sady ochrany osobn\u00fdch \u00fadajov popisuj\u00fa na\u0161e z\u00e1sady a postupy t\u00fdkaj\u00face sa zhroma\u017e\u010fovania, pou\u017e\u00edvania a zverej\u0148ovania va\u0161ich \u00fadajov pri pou\u017e\u00edvan\u00ed Slu\u017eby a informuj\u00fa v\u00e1s o va\u0161ich pr\u00e1vach na s\u00fakromie a o tom, ako v\u00e1s z\u00e1kon chr\u00e1ni.<\/p>\n<p>Va\u0161e osobn\u00e9 \u00fadaje pou\u017e\u00edvame na poskytovanie a zlep\u0161ovanie Slu\u017eby. Pou\u017e\u00edvan\u00edm Slu\u017eby s\u00fahlas\u00edte so zhroma\u017e\u010fovan\u00edm a pou\u017e\u00edvan\u00edm inform\u00e1ci\u00ed v s\u00falade s t\u00fdmito Z\u00e1sadami ochrany osobn\u00fdch \u00fadajov. Tieto z\u00e1sady ochrany osobn\u00fdch \u00fadajov boli vytvoren\u00e9 pomocou <a href=\"https:\/\/www.freeprivacypolicy.com\/free-privacy-policy-generator\/\" target=\"_blank\" rel=\"noopener\">bezplatn\u00e9ho gener\u00e1tora z\u00e1sad ochrany osobn\u00fdch \u00fadajov<\/a>. <\/p>\n<h1>V\u00fdklad a defin\u00edcie<\/h1>\n<h2>V\u00fdklad<\/h2>\n<p>Slov\u00e1, ktor\u00fdch za\u010diato\u010dn\u00e9 p\u00edsmeno je ve\u013ek\u00e9, maj\u00fa v\u00fdznam definovan\u00fd za nasleduj\u00facich podmienok. Nasleduj\u00face defin\u00edcie maj\u00fa rovnak\u00fd v\u00fdznam bez oh\u013eadu na to, \u010di sa vyskytuj\u00fa v jednotnom alebo mno\u017enom \u010d\u00edsle.<\/p>\n<h2>Defin\u00edcie<\/h2>\n<p>Na \u00fa\u010dely t\u00fdchto Z\u00e1sad ochrany osobn\u00fdch \u00fadajov:<\/p>\n<ul>\n<li>\n<p><strong>\u00da\u010det<\/strong> znamen\u00e1 jedine\u010dn\u00fd \u00fa\u010det vytvoren\u00fd pre v\u00e1s na pr\u00edstup k na\u0161ej Slu\u017ebe alebo \u010dastiam na\u0161ej Slu\u017eby.<\/p>\n<\/li>\n<li>\n<p><strong>Afil\u00e1cia<\/strong> znamen\u00e1 subjekt, ktor\u00fd kontroluje, je kontrolovan\u00fd stranou alebo je pod spolo\u010dnou kontrolou so stranou, pri\u010dom \u201ekontrola\u201c znamen\u00e1 vlastn\u00edctvo 50 % alebo viac akci\u00ed, majetkov\u00fdch \u00fa\u010dast\u00ed alebo in\u00fdch cenn\u00fdch papierov opr\u00e1vnen\u00fdch hlasova\u0165 pri vo\u013ebe riadite\u013eov alebo in\u00e9ho riadiaceho org\u00e1nu.<\/p>\n<\/li>\n<li>\n<p><strong>Spolo\u010dnos\u0165<\/strong> (v tejto zmluve ozna\u010dovan\u00e1 bu\u010f ako \u201eSpolo\u010dnos\u0165\u201c, \u201eMy\u201c, \u201eN\u00e1s\u201c alebo \u201eNa\u0161e\u201c) sa vz\u0165ahuje na IS Studio s.r.o I\u010cO:45675201 I\u010c DPH : SK2023088166, \u017di\u017ekova 2339\/25, Ko\u0161ice 040 01, Slovensk\u00e1 republika.<\/p>\n<\/li>\n<li>\n<p><strong>S\u00fabory cookie<\/strong> s\u00fa mal\u00e9 s\u00fabory, ktor\u00e9 webov\u00e1 lokalita umiest\u0148uje do v\u00e1\u0161ho po\u010d\u00edta\u010da, mobiln\u00e9ho zariadenia alebo ak\u00e9hoko\u013evek in\u00e9ho zariadenia a obsahuj\u00fa podrobnosti o va\u0161ej hist\u00f3rii prehliadania na tejto webovej lokalite medzi r\u00f4znymi sp\u00f4sobmi pou\u017eitia.<\/p>\n<\/li>\n<li>\n<p><strong>Krajina<\/strong> znamen\u00e1: Slovensko<\/p>\n<\/li>\n<li>\n<p><strong>Zariadenie<\/strong> znamen\u00e1 ak\u00e9ko\u013evek zariadenie, ktor\u00e9 m\u00e1 pr\u00edstup k Slu\u017ebe, ako napr\u00edklad po\u010d\u00edta\u010d, mobiln\u00fd telef\u00f3n alebo digit\u00e1lny tablet.<\/p>\n<\/li>\n<li>\n<p><strong>Osobn\u00e9 \u00fadaje<\/strong> s\u00fa ak\u00e9ko\u013evek inform\u00e1cie, ktor\u00e9 sa t\u00fdkaj\u00fa identifikovanej alebo identifikovate\u013enej osoby.<\/p>\n<\/li>\n<li>\n<p><strong>Slu\u017eba<\/strong> ozna\u010duje webov\u00fa lokalitu.<\/p>\n<\/li>\n<li>\n<p><strong>Poskytovate\u013e slu\u017eieb<\/strong> znamen\u00e1 ak\u00fako\u013evek fyzick\u00fa alebo pr\u00e1vnick\u00fa osobu, ktor\u00e1 sprac\u00fava \u00fadaje v mene Spolo\u010dnosti. Vz\u0165ahuje sa na spolo\u010dnosti tret\u00edch str\u00e1n alebo jednotlivcov zamestnan\u00fdch Spolo\u010dnos\u0165ou na u\u013eah\u010denie Slu\u017eby, poskytovanie Slu\u017eby v mene spolo\u010dnosti, poskytovanie slu\u017eieb s\u00favisiacich so Slu\u017ebou alebo na pomoc spolo\u010dnosti pri anal\u00fdze sp\u00f4sobu pou\u017e\u00edvania Slu\u017eby.<\/ p>\n<\/li>\n<li>\n<p><strong>\u00dadaje o pou\u017e\u00edvan\u00ed<\/strong> ozna\u010duj\u00fa \u00fadaje zhroma\u017eden\u00e9 automaticky, bu\u010f generovan\u00e9 pou\u017e\u00edvan\u00edm Slu\u017eby alebo samotnou infra\u0161trukt\u00farou Slu\u017eby (napr\u00edklad trvanie n\u00e1v\u0161tevy str\u00e1nky).<\/p>\n<\/li>\n<li>\n<p><strong>Str\u00e1nka<\/strong> odkazuje na Kr\u00e1sna \u017dena, pr\u00edstupn\u00e1 z <a href=\"krasnazeny.sk\" rel=\"external nofollow noopener\" target=\"_blank\">krasnazeny.sk<\/a><\/p >\n<\/li>\n<li>\n<p><strong>Vy<\/strong> znamen\u00e1 jednotlivca, ktor\u00fd pristupuje k Slu\u017ebe alebo ju pou\u017e\u00edva, pr\u00edpadne spolo\u010dnos\u0165 \u010di in\u00fa pr\u00e1vnick\u00fa osobu, v mene ktorej tak\u00e1to osoba pristupuje alebo ju pou\u017e\u00edva.<\/p>\n<\/li>\n<\/ul>\n<h1>Zhroma\u017e\u010fovanie a pou\u017e\u00edvanie va\u0161ich osobn\u00fdch \u00fadajov<\/h1>\n<h2>Typy zhroma\u017e\u010fovan\u00fdch \u00fadajov<\/h2>\n<h3>Osobn\u00e9 \u00fadaje<\/h3>\n<p>Po\u010das pou\u017e\u00edvania na\u0161ej slu\u017eby v\u00e1s m\u00f4\u017eeme po\u017eiada\u0165, aby ste n\u00e1m poskytli ur\u010dit\u00e9 osobn\u00e9 \u00fadaje, ktor\u00e9 mo\u017eno pou\u017ei\u0165 na kontaktovanie alebo identifik\u00e1ciu v\u00e1s. Osobne identifikovate\u013en\u00e9 inform\u00e1cie m\u00f4\u017eu zah\u0155\u0148a\u0165, ale nie s\u00fa obmedzen\u00e9 na:<\/p>\n<ul>\n<li>\n<p>E-mailov\u00e1 adresa<\/p>\n<\/li>\n<li>\n<p>Meno a priezvisko<\/p>\n<\/li>\n<li>\n<p>Telef\u00f3nne \u010d\u00edslo<\/p>\n<\/li>\n<li>\n<p>Adresa, \u0161t\u00e1t, provincia, PS\u010c, mesto<\/p>\n<\/li>\n<li>\n<p>\u00dadaje o pou\u017e\u00edvan\u00ed<\/p>\n<\/li>\n<\/ul>\n<h3>\u00dadaje o pou\u017e\u00edvan\u00ed<\/h3>\n<p>\u00dadaje o pou\u017e\u00edvan\u00ed sa zhroma\u017e\u010fuj\u00fa automaticky pri pou\u017e\u00edvan\u00ed Slu\u017eby.<\/p>\n<p>\u00dadaje o pou\u017e\u00edvan\u00ed m\u00f4\u017eu zah\u0155\u0148a\u0165 inform\u00e1cie, ako je adresa internetov\u00e9ho protokolu v\u00e1\u0161ho zariadenia (napr. IP adresa), typ prehliada\u010da, verzia prehliada\u010da, str\u00e1nky na\u0161ej Slu\u017eby, ktor\u00e9 nav\u0161t\u00edvite, \u010das a d\u00e1tum va\u0161ej n\u00e1v\u0161tevy, \u010das str\u00e1ven\u00fd na t\u00fdchto str\u00e1nkach , jedine\u010dn\u00e9 identifik\u00e1tory zariadenia a \u010fal\u0161ie diagnostick\u00e9 \u00fadaje.<\/p>\n<p>Ke\u010f k Slu\u017ebe pristupujete prostredn\u00edctvom mobiln\u00e9ho zariadenia alebo prostredn\u00edctvom mobiln\u00e9ho zariadenia, m\u00f4\u017eeme automaticky zhroma\u017e\u010fova\u0165 ur\u010dit\u00e9 inform\u00e1cie vr\u00e1tane, ale nie v\u00fdlu\u010dne, typu mobiln\u00e9ho zariadenia, ktor\u00e9 pou\u017e\u00edvate, jedine\u010dn\u00e9ho ID v\u00e1\u0161ho mobiln\u00e9ho zariadenia, IP adresy v\u00e1\u0161ho mobiln\u00e9ho zariadenia , V\u00e1\u0161 mobiln\u00fd opera\u010dn\u00fd syst\u00e9m, typ mobiln\u00e9ho internetov\u00e9ho prehliada\u010da, ktor\u00fd pou\u017e\u00edvate, jedine\u010dn\u00e9 identifik\u00e1tory zariadenia a \u010fal\u0161ie diagnostick\u00e9 \u00fadaje.<\/p>\n<p>M\u00f4\u017eeme tie\u017e zhroma\u017e\u010fova\u0165 inform\u00e1cie, ktor\u00e9 odo\u0161le V\u00e1\u0161 prehliada\u010d v\u017edy, ke\u010f nav\u0161t\u00edvite na\u0161u Slu\u017ebu alebo ke\u010f k Slu\u017ebe pristupujete prostredn\u00edctvom mobiln\u00e9ho zariadenia.<\/p>\n<h3>Technol\u00f3gie sledovania a s\u00fabory cookie<\/h3>\n<p>Na sledovanie aktivity na na\u0161ej slu\u017ebe a ukladanie ur\u010dit\u00fdch inform\u00e1ci\u00ed pou\u017e\u00edvame s\u00fabory cookie a podobn\u00e9 technol\u00f3gie sledovania. Technol\u00f3gie sledovania u\n","protected":false},"excerpt":{"rendered":"<p>Z\u00e1sady ochrany osobn\u00fdch \u00fadajov Posledn\u00e1 aktualiz\u00e1cia: 27. j\u00fana 2023 Tieto Z\u00e1sady ochrany osobn\u00fdch \u00fadajov popisuj\u00fa na\u0161e z\u00e1sady a postupy t\u00fdkaj\u00face sa zhroma\u017e\u010fovania, pou\u017e\u00edvania a zverej\u0148ovania va\u0161ich \u00fadajov pri pou\u017e\u00edvan\u00ed Slu\u017eby a informuj\u00fa v\u00e1s o va\u0161ich pr\u00e1vach na s\u00fakromie a o tom, ako v\u00e1s z\u00e1kon chr\u00e1ni. Va\u0161e osobn\u00e9 \u00fadaje pou\u017e\u00edvame na poskytovanie a zlep\u0161ovanie Slu\u017eby. Pou\u017e\u00edvan\u00edm [&hellip;]<\/p>\n","protected":false},"author":1,"featured_media":0,"parent":0,"menu_order":0,"comment_status":"closed","ping_status":"closed","template":"","meta":{"footnotes":""},"class_list":["post-37","page","type-page","status-publish","hentry"],"_links":{"self":[{"href":"https:\/\/krasnazena.sk\/index.php\/wp-json\/wp\/v2\/pages\/37","targetHints":{"allow":["GET"]}}],"collection":[{"href":"https:\/\/krasnazena.sk\/index.php\/wp-json\/wp\/v2\/pages"}],"about":[{"href":"https:\/\/krasnazena.sk\/index.php\/wp-json\/wp\/v2\/types\/page"}],"author":[{"embeddable":true,"href":"https:\/\/krasnazena.sk\/index.php\/wp-json\/wp\/v2\/users\/1"}],"replies":[{"embeddable":true,"href":"https:\/\/krasnazena.sk\/index.php\/wp-json\/wp\/v2\/comments?post=37"}],"version-history":[{"count":1,"href":"https:\/\/krasnazena.sk\/index.php\/wp-json\/wp\/v2\/pages\/37\/revisions"}],"predecessor-version":[{"id":38,"href":"https:\/\/krasnazena.sk\/index.php\/wp-json\/wp\/v2\/pages\/37\/revisions\/38"}],"wp:attachment":[{"href":"https:\/\/krasnazena.sk\/index.php\/wp-json\/wp\/v2\/media?parent=37"}],"curies":[{"name":"wp","href":"https:\/\/api.w.org\/{rel}","templated":true}]}}